{"id":1868,"date":"2021-08-27T14:12:16","date_gmt":"2021-08-27T12:12:16","guid":{"rendered":"https:\/\/www.metalpoint.sk\/?page_id=1868"},"modified":"2021-11-12T14:13:20","modified_gmt":"2021-11-12T13:13:20","slug":"nase-sluzby","status":"publish","type":"page","link":"https:\/\/www.metalpoint.sk\/?page_id=1868","title":{"rendered":""},"content":{"rendered":"\t\t<div data-elementor-type=\"wp-page\" data-elementor-id=\"1868\" class=\"elementor elementor-1868\" data-elementor-settings=\"[]\">\n\t\t\t\t\t\t<div class=\"elementor-inner\">\n\t\t\t\t\t\t\t<div class=\"elementor-section-wrap\">\n\t\t\t\t\t\t\t<section class=\"elementor-section elementor-top-section elementor-element elementor-element-6a7c62bb elementor-section-content-top elementor-section-boxed elementor-section-height-default elementor-section-height-default\" data-id=\"6a7c62bb\" data-element_type=\"section\">\n\t\t\t\t\t\t<div class=\"elementor-container elementor-column-gap-default\">\n\t\t\t\t\t\t\t<div class=\"elementor-row\">\n\t\t\t\t\t<div class=\"elementor-column elementor-col-100 elementor-top-column elementor-element elementor-element-df80dee\" data-id=\"df80dee\" data-element_type=\"column\">\n\t\t\t<div class=\"elementor-column-wrap elementor-element-populated\">\n\t\t\t\t\t\t\t<div class=\"elementor-widget-wrap\">\n\t\t\t\t\t\t<div class=\"elementor-element elementor-element-71fc0e79 elementor-widget elementor-widget-text-editor\" data-id=\"71fc0e79\" data-element_type=\"widget\" data-widget_type=\"text-editor.default\">\n\t\t\t\t<div class=\"elementor-widget-container\">\n\t\t\t\t\t\t\t\t<div class=\"elementor-text-editor elementor-clearfix\">\n\t\t\t\t<p><!-- wp:paragraph --><\/p>\n<h2>Na\u0161e slu\u017eby<\/h2>\n<p><\/p>\n<p><strong>Z\u00e1kazkov\u00e1 a s\u00e9riov\u00e1 v\u00fdroba dielcov<\/strong> <strong>pod\u013ea technickej dokument\u00e1cie<\/strong><\/p>\n<p><!-- \/wp:paragraph --><!-- wp:list --><\/p>\n<ul>\n<li>CNC s\u00fastru\u017eenie a fr\u00e9zovanie<\/li>\n<\/ul>\n<p><!-- \/wp:list --><!-- wp:paragraph --><\/p>\n<p><strong>Kon\u0161truk\u010dn\u00e1 a technologick\u00e1 podpora<\/strong><\/p>\n<p><!-- \/wp:paragraph --><!-- wp:list --><\/p>\n<ul>\n<li>3D modelovanie v CAD \/ CAM software<\/li>\n<li>tvorba v\u00fdkresovej dokument\u00e1cie a programovanie<\/li>\n<li>pevnostn\u00e9 v\u00fdpo\u010dty a simul\u00e1cie<\/li>\n<\/ul>\n<p><!-- \/wp:list --><!-- wp:paragraph --><\/p>\n<p><strong>Dodanie materi\u00e1lu a zariaden\u00ed pod\u013ea \u0161pecifik\u00e1cie<\/strong><\/p>\n<p><!-- \/wp:paragraph --><!-- wp:list --><\/p>\n<ul>\n<li>zv\u00e1ran\u00e9 ko\u0161trukcie<\/li>\n<li>pr\u00edpravky<\/li>\n<li>v\u00fdpalky<\/li>\n<\/ul>\n<p><!-- \/wp:list --><!-- wp:image {\"id\":1878,\"sizeSlug\":\"large\",\"linkDestination\":\"none\",\"className\":\"is-style-default\"} --><\/p>\n<figure class=\"wp-block-image size-large is-style-default\">\n<\/figure>\n<p><!-- \/wp:image --><!-- wp:paragraph --><\/p>\n<p><!-- \/wp:paragraph --><!-- wp:heading --><\/p>\n<h2>Technologick\u00e9 mo\u017enosti<\/h2>\n<p><!-- \/wp:heading --><!-- wp:list --><\/p>\n<ul>\n<li>Delenie materi\u00e1lov p\u00e1sovou p\u00edlou D 400 mm<\/li>\n<li>CNC s\u00fastru\u017eenie: 4-os\u00e9 s\u00fastru\u017eenie, poh\u00e1\u0148an\u00e9 n\u00e1stroje, s priamym odmeriavan\u00edm D 600 mm L 1500 mm<\/li>\n<li>CNC fr\u00e9zovanie: plynul\u00e9 5-os\u00e9 fr\u00e9zovanie, max. ve\u013ekos\u0165 obrobku: X 2600 mm Y 1100 mm Z 900 mm, max. za\u0165a\u017eenie stola 4000 kg<\/li>\n<li>Br\u00fasenie na plocho: X 200 mm Y 600 mm<\/li>\n<li>Br\u00fasenie na gu\u013eato: D 320mm L 1000 mm<\/li>\n<li>Pre\u0165ahovanie a pretl\u00e1\u010danie: max rozmery perodr\u00e1\u017eky &#8211; \u0161\u00edrka 50 mm, d\u013a\u017eka 300 mm<\/li>\n<li>3D meranie a skenovanie, reverzn\u00fd in\u017einiering<\/li>\n<li>Zna\u010denie mikro\u00faderom<\/li>\n<\/ul>\n<p><!-- \/wp:list --><\/p>\t\t\t\t\t<\/div>\n\t\t\t\t\t\t<\/div>\n\t\t\t\t<\/div>\n\t\t\t\t\t\t<\/div>\n\t\t\t\t\t<\/div>\n\t\t<\/div>\n\t\t\t\t\t\t\t\t<\/div>\n\t\t\t\t\t<\/div>\n\t\t<\/section>\n\t\t\t\t<section class=\"elementor-section elementor-top-section elementor-element elementor-element-8d51676 elementor-section-boxed elementor-section-height-default elementor-section-height-default\" data-id=\"8d51676\" data-element_type=\"section\">\n\t\t\t\t\t\t<div class=\"elementor-container elementor-column-gap-default\">\n\t\t\t\t\t\t\t<div class=\"elementor-row\">\n\t\t\t\t\t<div class=\"elementor-column elementor-col-100 elementor-top-column elementor-element elementor-element-fd972fb\" data-id=\"fd972fb\" data-element_type=\"column\">\n\t\t\t<div class=\"elementor-column-wrap elementor-element-populated\">\n\t\t\t\t\t\t\t<div class=\"elementor-widget-wrap\">\n\t\t\t\t\t\t<div class=\"elementor-element elementor-element-d35f054 elementor-widget elementor-widget-spacer\" data-id=\"d35f054\" data-element_type=\"widget\" data-widget_type=\"spacer.default\">\n\t\t\t\t<div class=\"elementor-widget-container\">\n\t\t\t\t\t<div class=\"elementor-spacer\">\n\t\t\t<div class=\"elementor-spacer-inner\"><\/div>\n\t\t<\/div>\n\t\t\t\t<\/div>\n\t\t\t\t<\/div>\n\t\t\t\t\t\t<\/div>\n\t\t\t\t\t<\/div>\n\t\t<\/div>\n\t\t\t\t\t\t\t\t<\/div>\n\t\t\t\t\t<\/div>\n\t\t<\/section>\n\t\t\t\t\t\t<\/div>\n\t\t\t\t\t\t<\/div>\n\t\t\t\t\t<\/div>\n\t\t","protected":false},"excerpt":{"rendered":"<p>Na\u0161e slu\u017eby Z\u00e1kazkov\u00e1 a s\u00e9riov\u00e1 v\u00fdroba dielcov pod\u013ea technickej dokument\u00e1cie CNC s\u00fastru\u017eenie a fr\u00e9zovanie Kon\u0161truk\u010dn\u00e1 a technologick\u00e1 podpora 3D modelovanie v CAD \/ CAM software tvorba v\u00fdkresovej dokument\u00e1cie a programovanie pevnostn\u00e9 v\u00fdpo\u010dty a simul\u00e1cie Dodanie materi\u00e1lu a zariaden\u00ed pod\u013ea \u0161pecifik\u00e1cie zv\u00e1ran\u00e9 ko\u0161trukcie pr\u00edpravky v\u00fdpalky Technologick\u00e9 mo\u017enosti Delenie materi\u00e1lov p\u00e1sovou p\u00edlou D 400 mm CNC s\u00fastru\u017eenie: &hellip;<\/p>\n<p class=\"read-more\"> <a class=\"\" href=\"https:\/\/www.metalpoint.sk\/?page_id=1868\">  \u010c\u00edtajte viac &raquo;<\/a><\/p>\n","protected":false},"author":1,"featured_media":0,"parent":0,"menu_order":0,"comment_status":"closed","ping_status":"closed","template":"","meta":[],"yoast_head":"<!-- This site is optimized with the Yoast SEO plugin v17.1 - https:\/\/yoast.com\/wordpress\/plugins\/seo\/ -->\n<title>- Metalpoint.sk<\/title>\n<meta name=\"description\" content=\"Na\u0161e slu\u017eby\" \/>\n<meta name=\"robots\" content=\"index, follow, max-snippet:-1, max-image-preview:large, max-video-preview:-1\" \/>\n<link rel=\"canonical\" href=\"https:\/\/www.metalpoint.sk\/?page_id=1868\" \/>\n<meta property=\"og:locale\" content=\"sk_SK\" \/>\n<meta property=\"og:type\" content=\"article\" \/>\n<meta property=\"og:title\" content=\"- Metalpoint.sk\" \/>\n<meta property=\"og:description\" content=\"Na\u0161e slu\u017eby\" \/>\n<meta property=\"og:url\" content=\"https:\/\/www.metalpoint.sk\/?page_id=1868\" \/>\n<meta property=\"og:site_name\" content=\"Metalpoint.sk\" \/>\n<meta property=\"article:modified_time\" content=\"2021-11-12T13:13:20+00:00\" \/>\n<meta name=\"twitter:card\" content=\"summary_large_image\" \/>\n<meta name=\"twitter:label1\" content=\"Predpokladan\u00fd \u010das \u010d\u00edtania\" \/>\n\t<meta name=\"twitter:data1\" content=\"1 min\u00fata\" \/>\n<script type=\"application\/ld+json\" class=\"yoast-schema-graph\">{\"@context\":\"https:\/\/schema.org\",\"@graph\":[{\"@type\":\"WebSite\",\"@id\":\"https:\/\/www.metalpoint.sk\/#website\",\"url\":\"https:\/\/www.metalpoint.sk\/\",\"name\":\"Metalpoint.sk\",\"description\":\"We are here to do better\",\"potentialAction\":[{\"@type\":\"SearchAction\",\"target\":{\"@type\":\"EntryPoint\",\"urlTemplate\":\"https:\/\/www.metalpoint.sk\/?s={search_term_string}\"},\"query-input\":\"required name=search_term_string\"}],\"inLanguage\":\"sk-SK\"},{\"@type\":\"WebPage\",\"@id\":\"https:\/\/www.metalpoint.sk\/?page_id=1868#webpage\",\"url\":\"https:\/\/www.metalpoint.sk\/?page_id=1868\",\"name\":\"- Metalpoint.sk\",\"isPartOf\":{\"@id\":\"https:\/\/www.metalpoint.sk\/#website\"},\"datePublished\":\"2021-08-27T12:12:16+00:00\",\"dateModified\":\"2021-11-12T13:13:20+00:00\",\"description\":\"Na\\u0161e slu\\u017eby\",\"breadcrumb\":{\"@id\":\"https:\/\/www.metalpoint.sk\/?page_id=1868#breadcrumb\"},\"inLanguage\":\"sk-SK\",\"potentialAction\":[{\"@type\":\"ReadAction\",\"target\":[\"https:\/\/www.metalpoint.sk\/?page_id=1868\"]}]},{\"@type\":\"BreadcrumbList\",\"@id\":\"https:\/\/www.metalpoint.sk\/?page_id=1868#breadcrumb\",\"itemListElement\":[{\"@type\":\"ListItem\",\"position\":1,\"name\":\"Home\",\"item\":\"https:\/\/www.metalpoint.sk\/\"},{\"@type\":\"ListItem\",\"position\":2,\"name\":\"\"}]}]}<\/script>\n<!-- \/ Yoast SEO plugin. -->","yoast_head_json":{"title":"- Metalpoint.sk","description":"Na\u0161e slu\u017eby","robots":{"index":"index","follow":"follow","max-snippet":"max-snippet:-1","max-image-preview":"max-image-preview:large","max-video-preview":"max-video-preview:-1"},"canonical":"https:\/\/www.metalpoint.sk\/?page_id=1868","og_locale":"sk_SK","og_type":"article","og_title":"- Metalpoint.sk","og_description":"Na\u0161e slu\u017eby","og_url":"https:\/\/www.metalpoint.sk\/?page_id=1868","og_site_name":"Metalpoint.sk","article_modified_time":"2021-11-12T13:13:20+00:00","twitter_card":"summary_large_image","twitter_misc":{"Predpokladan\u00fd \u010das \u010d\u00edtania":"1 min\u00fata"},"schema":{"@context":"https:\/\/schema.org","@graph":[{"@type":"WebSite","@id":"https:\/\/www.metalpoint.sk\/#website","url":"https:\/\/www.metalpoint.sk\/","name":"Metalpoint.sk","description":"We are here to do better","potentialAction":[{"@type":"SearchAction","target":{"@type":"EntryPoint","urlTemplate":"https:\/\/www.metalpoint.sk\/?s={search_term_string}"},"query-input":"required name=search_term_string"}],"inLanguage":"sk-SK"},{"@type":"WebPage","@id":"https:\/\/www.metalpoint.sk\/?page_id=1868#webpage","url":"https:\/\/www.metalpoint.sk\/?page_id=1868","name":"- Metalpoint.sk","isPartOf":{"@id":"https:\/\/www.metalpoint.sk\/#website"},"datePublished":"2021-08-27T12:12:16+00:00","dateModified":"2021-11-12T13:13:20+00:00","description":"Na\u0161e slu\u017eby","breadcrumb":{"@id":"https:\/\/www.metalpoint.sk\/?page_id=1868#breadcrumb"},"inLanguage":"sk-SK","potentialAction":[{"@type":"ReadAction","target":["https:\/\/www.metalpoint.sk\/?page_id=1868"]}]},{"@type":"BreadcrumbList","@id":"https:\/\/www.metalpoint.sk\/?page_id=1868#breadcrumb","itemListElement":[{"@type":"ListItem","position":1,"name":"Home","item":"https:\/\/www.metalpoint.sk\/"},{"@type":"ListItem","position":2,"name":""}]}]}},"_links":{"self":[{"href":"https:\/\/www.metalpoint.sk\/index.php?rest_route=\/wp\/v2\/pages\/1868"}],"collection":[{"href":"https:\/\/www.metalpoint.sk\/index.php?rest_route=\/wp\/v2\/pages"}],"about":[{"href":"https:\/\/www.metalpoint.sk\/index.php?rest_route=\/wp\/v2\/types\/page"}],"author":[{"embeddable":true,"href":"https:\/\/www.metalpoint.sk\/index.php?rest_route=\/wp\/v2\/users\/1"}],"replies":[{"embeddable":true,"href":"https:\/\/www.metalpoint.sk\/index.php?rest_route=%2Fwp%2Fv2%2Fcomments&post=1868"}],"version-history":[{"count":6,"href":"https:\/\/www.metalpoint.sk\/index.php?rest_route=\/wp\/v2\/pages\/1868\/revisions"}],"predecessor-version":[{"id":2116,"href":"https:\/\/www.metalpoint.sk\/index.php?rest_route=\/wp\/v2\/pages\/1868\/revisions\/2116"}],"wp:attachment":[{"href":"https:\/\/www.metalpoint.sk\/index.php?rest_route=%2Fwp%2Fv2%2Fmedia&parent=1868"}],"curies":[{"name":"wp","href":"https:\/\/api.w.org\/{rel}","templated":true}]}}